{"id":16776,"date":"2021-07-13T09:29:08","date_gmt":"2021-07-13T07:29:08","guid":{"rendered":"https:\/\/www.groupg4.com\/ca\/?page_id=16776"},"modified":"2021-07-13T16:15:13","modified_gmt":"2021-07-13T14:15:13","slug":"politica-de-privacitat","status":"publish","type":"page","link":"https:\/\/www.groupg4.com\/ca\/politica-de-privacitat\/","title":{"rendered":"Pol\u00edtica de privacitat"},"content":{"rendered":"<div class=\"fusion-fullwidth fullwidth-box fusion-builder-row-1 fusion-flex-container nonhundred-percent-fullwidth non-hundred-percent-height-scrolling\" style=\"--awb-border-radius-top-left:0px;--awb-border-radius-top-right:0px;--awb-border-radius-bottom-right:0px;--awb-border-radius-bottom-left:0px;--awb-flex-wrap:wrap;\" ><div class=\"fusion-builder-row fusion-row fusion-flex-align-items-flex-start fusion-flex-content-wrap\" style=\"max-width:1320.8px;margin-left: calc(-4% \/ 2 );margin-right: calc(-4% \/ 2 );\"><div class=\"fusion-layout-column fusion_builder_column fusion-builder-column-0 fusion_builder_column_1_1 1_1 fusion-flex-column\" style=\"--awb-bg-size:cover;--awb-width-large:100%;--awb-margin-top-large:0px;--awb-spacing-right-large:1.92%;--awb-margin-bottom-large:20px;--awb-spacing-left-large:1.92%;--awb-width-medium:100%;--awb-order-medium:0;--awb-spacing-right-medium:1.92%;--awb-spacing-left-medium:1.92%;--awb-width-small:100%;--awb-order-small:0;--awb-spacing-right-small:1.92%;--awb-spacing-left-small:1.92%;\"><div class=\"fusion-column-wrapper fusion-column-has-shadow fusion-flex-justify-content-flex-start fusion-content-layout-column\"><div class=\"fusion-text fusion-text-1\"><h4>POL\u00cdTICA DE PRIVACITAT<\/h4>\n<p>G4 GROUP ARCHITECTURE BUILDING, SL garanteix la privadesa de les dades de car\u00e0cter personal aportades, segons el Reglament General de Protecci\u00f3 de Dades (RGPD).<\/p>\n<p>La visita a aquesta p\u00e0gina Web no suposa que l&#8217;usuari estigui obligat a facilitar cap informaci\u00f3 sobre si mateix, no obstant aix\u00f2, durant la visita \u00e9s possible que se sol\u00b7licitin dades de car\u00e0cter personal a trav\u00e9s de formularis.<\/p>\n<p>Aquestes dades seran incorporades a un fitxer responsabilitat de G4 GROUP ARCHITECTURE BUILDING, SL i seran utilitzats amb la finalitat de contestar la sol\u00b7licitud realitzada per la seva banda i per enviar-los informaci\u00f3 de la nostra empresa i serveis per qualsevol mitj\u00e0 de comunicaci\u00f3. En enviar-nos aquest formulari, vost\u00e8 est\u00e0 acceptant expl\u00edcitament la recepci\u00f3 d&#8217;aquests. Aquestes dades es cancel\u00b7laran a petici\u00f3 seva o una vegada satisfet la finalitat per la qual van ser recaptats.<\/p>\n<p><strong>Com exercir els drets:<\/strong> Els usuaris poden dirigir una comunicaci\u00f3 per escrit a G4 GROUP ARCHITECTURE BUILDING, SL amb domicili en C\/ PROVIDENCIA 109, 2\u00baB, 08024 BARCELONA, BARCELONA, o a l&#8217;adre\u00e7a de correu electr\u00f2nic ELIRIO@GROUPG4.COM incloent en tots dos casos una fotoc\u00f2pia del seu DNI o un altre document identificatiu similar, per exercir els seus drets, que s\u00f3n els seg\u00fcents:<\/p>\n<ul>\n<li>Dret a sol\u00b7licitar l&#8217;acc\u00e9s a les dades personals: vost\u00e8 podr\u00e0 preguntar a G4 GROUP ARCHITECTURE BUILDING, SL si aquesta empresa est\u00e0 tractant les seves dades.<\/li>\n<li>Dret a sol\u00b7licitar la seva rectificaci\u00f3 (en cas que siguin incorrectes) o supressi\u00f3.<\/li>\n<li>Dret a sol\u00b7licitar la limitaci\u00f3 del seu tractament, en aquest cas \u00fanicament seran conservats per G4 GROUP ARCHITECTURE BUILDING, SL per a l&#8217;exercici o la defensa de reclamacions.<\/li>\n<li>Dret a oposar-se al tractament: G4 GROUP ARCHITECTURE BUILDING, SL deixar\u00e0 de tractar les dades en la forma que vost\u00e8 indiqui, tret que per motius leg\u00edtims imperiosos o l&#8217;exercici o la defensa de possibles reclamacions s&#8217;hagin de seguir tractant.<\/li>\n<li>Dret a la portabilitat de les dades: en cas que vulgui que les seves dades siguin tractades per una altra signatura, G4 GROUP ARCHITECTURE BUILDING, SL li facilitar\u00e0 la portabilitat de les seves dades al nou responsable.<\/li>\n<\/ul>\n<p>Possibilitat de retirar el consentiment: en el cas que s&#8217;hagi atorgat el consentiment per a alguna finalitat espec\u00edfica, vost\u00e8 t\u00e9 dret a retirar el consentiment a qualsevol moment, sense que aix\u00f2 afecti la licitud del tractament basat en el consentiment previ a la seva retirada.<\/p>\n<p>Com reclamar davant l&#8217;Autoritat de Control: Si un usuari considera que hi ha un problema amb la forma en qu\u00e8 G4 GROUP ARCHITECTURE BUILDING, SL est\u00e0 manejant les seves dades, pot dirigir les seves reclamacions a l&#8217;autoritat de protecci\u00f3 de dades que correspongui, sent l&#8217;Ag\u00e8ncia Espanyola de Protecci\u00f3 de Dades la indicada en el cas d&#8217;Espanya.<\/p>\n<p>La negativa a proporcionar les dades suposar\u00e0 la no prestaci\u00f3 o la impossibilitat d&#8217;accedir al servei pels quals eren sol\u00b7licitats. Vost\u00e8 t\u00e9 dret a rebre resposta de qualsevol pregunta, consulta o aclariment que li sorgeixi derivada d&#8217;aquest formulari.<br \/>\nLes parts se sotmeten, a la seva elecci\u00f3, per a la resoluci\u00f3 dels conflictes i amb ren\u00fancia a qualsevol altre fur, als jutjats i tribunals del domicili del propietari del lloc Web.<\/p>\n<\/div><\/div><\/div><\/div><\/div>\n","protected":false},"excerpt":{"rendered":"","protected":false},"author":1,"featured_media":0,"parent":0,"menu_order":0,"comment_status":"closed","ping_status":"closed","template":"","meta":{"footnotes":""},"class_list":["post-16776","page","type-page","status-publish","hentry"],"_links":{"self":[{"href":"https:\/\/www.groupg4.com\/ca\/wp-json\/wp\/v2\/pages\/16776","targetHints":{"allow":["GET"]}}],"collection":[{"href":"https:\/\/www.groupg4.com\/ca\/wp-json\/wp\/v2\/pages"}],"about":[{"href":"https:\/\/www.groupg4.com\/ca\/wp-json\/wp\/v2\/types\/page"}],"author":[{"embeddable":true,"href":"https:\/\/www.groupg4.com\/ca\/wp-json\/wp\/v2\/users\/1"}],"replies":[{"embeddable":true,"href":"https:\/\/www.groupg4.com\/ca\/wp-json\/wp\/v2\/comments?post=16776"}],"version-history":[{"count":0,"href":"https:\/\/www.groupg4.com\/ca\/wp-json\/wp\/v2\/pages\/16776\/revisions"}],"wp:attachment":[{"href":"https:\/\/www.groupg4.com\/ca\/wp-json\/wp\/v2\/media?parent=16776"}],"curies":[{"name":"wp","href":"https:\/\/api.w.org\/{rel}","templated":true}]}}