{"id":13287,"date":"2020-10-26T12:12:47","date_gmt":"2020-10-26T12:12:47","guid":{"rendered":"http:\/\/localhost:8888\/agency\/?page_id=13287"},"modified":"2025-03-18T10:39:25","modified_gmt":"2025-03-18T09:39:25","slug":"nosaltres","status":"publish","type":"page","link":"https:\/\/www.groupg4.com\/ca\/nosaltres\/","title":{"rendered":"Nosaltres"},"content":{"rendered":"<div class=\"fusion-fullwidth fullwidth-box fusion-builder-row-1 fusion-flex-container has-pattern-background has-mask-background hundred-percent-fullwidth non-hundred-percent-height-scrolling\" style=\"--awb-border-radius-top-left:0px;--awb-border-radius-top-right:0px;--awb-border-radius-bottom-right:0px;--awb-border-radius-bottom-left:0px;--awb-padding-top:50px;--awb-padding-right:10%;--awb-padding-left:10%;--awb-flex-wrap:wrap;\" ><div class=\"fusion-builder-row fusion-row fusion-flex-align-items-flex-start fusion-flex-content-wrap\" style=\"width:calc( 100% + 0px ) !important;max-width:calc( 100% + 0px ) !important;margin-left: calc(-0px \/ 2 );margin-right: calc(-0px \/ 2 );\"><div class=\"fusion-layout-column fusion_builder_column fusion-builder-column-0 fusion_builder_column_1_1 1_1 fusion-flex-column\" style=\"--awb-padding-bottom:0px;--awb-bg-size:cover;--awb-width-large:100%;--awb-margin-top-large:0px;--awb-spacing-right-large:0px;--awb-margin-bottom-large:50px;--awb-spacing-left-large:0px;--awb-width-medium:100%;--awb-order-medium:0;--awb-spacing-right-medium:0px;--awb-spacing-left-medium:0px;--awb-width-small:100%;--awb-order-small:2;--awb-spacing-right-small:0px;--awb-spacing-left-small:0px;\" data-scroll-devices=\"small-visibility,medium-visibility,large-visibility\"><div class=\"fusion-column-wrapper fusion-column-has-shadow fusion-flex-justify-content-space-between fusion-content-layout-column\"><div class=\"awb-gallery-wrapper awb-gallery-wrapper-1 button-span-no\" style=\"--more-btn-alignment:center;\"><div style=\"margin:-10px;--awb-bordersize:0px;--awb-columns-small:33.3333%;\" class=\"fusion-gallery fusion-gallery-container fusion-grid-5 fusion-columns-total-8 fusion-gallery-layout-masonry fusion-gallery-1\"><div class=\"fusion-grid-column fusion-gallery-column fusion-gallery-column-5 hover-type-none fusion-grid-sizer\"><\/div><div style=\"padding:10px;\" class=\"fusion-grid-column fusion-gallery-column fusion-gallery-column-5 hover-type-none fusion-element-grid\"><div class=\"fusion-gallery-image\"><div style=\"padding-top:calc((100% + 20px) * 0.8 - 10px);background-position:50% 73%;\" class=\"fusion-masonry-element-container lazyload\" data-bg=\"https:\/\/www.groupg4.com\/ca\/wp-content\/uploads\/2021\/07\/01-nosaltres-g4-group-barcelona.webp\"><img decoding=\"async\" src=\"https:\/\/www.groupg4.com\/ca\/wp-content\/uploads\/2021\/07\/01-nosaltres-g4-group-barcelona.webp\" data-orig-src=\"https:\/\/www.groupg4.com\/ca\/wp-content\/uploads\/2021\/07\/01-nosaltres-g4-group-barcelona.webp\" width=\"1200\" height=\"800\" alt=\"\" title=\"01-nosaltres-g4-group-barcelona\" aria-label=\"01-nosaltres-g4-group-barcelona\" class=\"lazyload img-responsive wp-image-16640\" srcset=\"data:image\/svg+xml,%3Csvg%20xmlns%3D%27http%3A%2F%2Fwww.w3.org%2F2000%2Fsvg%27%20width%3D%271200%27%20height%3D%27800%27%20viewBox%3D%270%200%201200%20800%27%3E%3Crect%20width%3D%271200%27%20height%3D%27800%27%20fill-opacity%3D%220%22%2F%3E%3C%2Fsvg%3E\" data-srcset=\"https:\/\/www.groupg4.com\/ca\/wp-content\/uploads\/2021\/07\/01-nosaltres-g4-group-barcelona-200x133.webp 200w, https:\/\/www.groupg4.com\/ca\/wp-content\/uploads\/2021\/07\/01-nosaltres-g4-group-barcelona-400x267.webp 400w, https:\/\/www.groupg4.com\/ca\/wp-content\/uploads\/2021\/07\/01-nosaltres-g4-group-barcelona-600x400.webp 600w, https:\/\/www.groupg4.com\/ca\/wp-content\/uploads\/2021\/07\/01-nosaltres-g4-group-barcelona-800x533.webp 800w, https:\/\/www.groupg4.com\/ca\/wp-content\/uploads\/2021\/07\/01-nosaltres-g4-group-barcelona.webp 1200w\" data-sizes=\"auto\" data-orig-sizes=\"(min-width: 2200px) 100vw, (min-width: 1307px) 246px, (min-width: 1215px) 308px, (min-width: 1124px) 410px, (min-width: 1032px) 615px, (min-width: 940px) 1032px, \" \/><\/div><\/div><\/div><div style=\"padding:10px;\" class=\"fusion-grid-column fusion-gallery-column fusion-gallery-column-5 hover-type-none fusion-element-grid\"><div class=\"fusion-gallery-image\"><div style=\"padding-top:calc((100% + 20px) * 0.8 - 10px);background-position:50% 74%;\" class=\"fusion-masonry-element-container lazyload\" data-bg=\"https:\/\/www.groupg4.com\/ca\/wp-content\/uploads\/2021\/07\/07-nosaltres-g4-group-barcelona.webp\"><img decoding=\"async\" src=\"https:\/\/www.groupg4.com\/ca\/wp-content\/uploads\/2021\/07\/07-nosaltres-g4-group-barcelona.webp\" data-orig-src=\"https:\/\/www.groupg4.com\/ca\/wp-content\/uploads\/2021\/07\/07-nosaltres-g4-group-barcelona.webp\" width=\"1200\" height=\"800\" alt=\"\" title=\"07-nosaltres-g4-group-barcelona\" aria-label=\"07-nosaltres-g4-group-barcelona\" class=\"lazyload img-responsive wp-image-16646\" srcset=\"data:image\/svg+xml,%3Csvg%20xmlns%3D%27http%3A%2F%2Fwww.w3.org%2F2000%2Fsvg%27%20width%3D%271200%27%20height%3D%27800%27%20viewBox%3D%270%200%201200%20800%27%3E%3Crect%20width%3D%271200%27%20height%3D%27800%27%20fill-opacity%3D%220%22%2F%3E%3C%2Fsvg%3E\" data-srcset=\"https:\/\/www.groupg4.com\/ca\/wp-content\/uploads\/2021\/07\/07-nosaltres-g4-group-barcelona-200x133.webp 200w, https:\/\/www.groupg4.com\/ca\/wp-content\/uploads\/2021\/07\/07-nosaltres-g4-group-barcelona-400x267.webp 400w, https:\/\/www.groupg4.com\/ca\/wp-content\/uploads\/2021\/07\/07-nosaltres-g4-group-barcelona-600x400.webp 600w, https:\/\/www.groupg4.com\/ca\/wp-content\/uploads\/2021\/07\/07-nosaltres-g4-group-barcelona-800x533.webp 800w, https:\/\/www.groupg4.com\/ca\/wp-content\/uploads\/2021\/07\/07-nosaltres-g4-group-barcelona.webp 1200w\" data-sizes=\"auto\" data-orig-sizes=\"(min-width: 2200px) 100vw, (min-width: 1307px) 246px, (min-width: 1215px) 308px, (min-width: 1124px) 410px, (min-width: 1032px) 615px, (min-width: 940px) 1032px, \" \/><\/div><\/div><\/div><div style=\"padding:10px;\" class=\"fusion-grid-column fusion-gallery-column fusion-gallery-column-5 hover-type-none fusion-element-grid\"><div class=\"fusion-gallery-image\"><div style=\"padding-top:calc((100% + 20px) * 0.8 - 10px);background-position:50% 30%;\" class=\"fusion-masonry-element-container lazyload\" data-bg=\"https:\/\/www.groupg4.com\/ca\/wp-content\/uploads\/2021\/07\/04-nosaltres-g4-group-barcelona.webp\"><img decoding=\"async\" src=\"https:\/\/www.groupg4.com\/ca\/wp-content\/uploads\/2021\/07\/04-nosaltres-g4-group-barcelona.webp\" data-orig-src=\"https:\/\/www.groupg4.com\/ca\/wp-content\/uploads\/2021\/07\/04-nosaltres-g4-group-barcelona.webp\" width=\"1200\" height=\"800\" alt=\"\" title=\"04-nosaltres-g4-group-barcelona\" aria-label=\"04-nosaltres-g4-group-barcelona\" class=\"lazyload img-responsive wp-image-16643\" srcset=\"data:image\/svg+xml,%3Csvg%20xmlns%3D%27http%3A%2F%2Fwww.w3.org%2F2000%2Fsvg%27%20width%3D%271200%27%20height%3D%27800%27%20viewBox%3D%270%200%201200%20800%27%3E%3Crect%20width%3D%271200%27%20height%3D%27800%27%20fill-opacity%3D%220%22%2F%3E%3C%2Fsvg%3E\" data-srcset=\"https:\/\/www.groupg4.com\/ca\/wp-content\/uploads\/2021\/07\/04-nosaltres-g4-group-barcelona-200x133.webp 200w, https:\/\/www.groupg4.com\/ca\/wp-content\/uploads\/2021\/07\/04-nosaltres-g4-group-barcelona-400x267.webp 400w, https:\/\/www.groupg4.com\/ca\/wp-content\/uploads\/2021\/07\/04-nosaltres-g4-group-barcelona-600x400.webp 600w, https:\/\/www.groupg4.com\/ca\/wp-content\/uploads\/2021\/07\/04-nosaltres-g4-group-barcelona-800x533.webp 800w, https:\/\/www.groupg4.com\/ca\/wp-content\/uploads\/2021\/07\/04-nosaltres-g4-group-barcelona.webp 1200w\" data-sizes=\"auto\" data-orig-sizes=\"(min-width: 2200px) 100vw, (min-width: 1307px) 246px, (min-width: 1215px) 308px, (min-width: 1124px) 410px, (min-width: 1032px) 615px, (min-width: 940px) 1032px, \" \/><\/div><\/div><\/div><div style=\"padding:10px;\" class=\"fusion-grid-column fusion-gallery-column fusion-gallery-column-5 hover-type-none fusion-element-grid\"><div class=\"fusion-gallery-image\"><div style=\"padding-top:calc((100% + 20px) * 0.8 - 10px);background-position:46% 16%;\" class=\"fusion-masonry-element-container lazyload\" data-bg=\"https:\/\/www.groupg4.com\/ca\/wp-content\/uploads\/2021\/07\/10-nosaltres-g4-group-barcelona.webp\"><img decoding=\"async\" src=\"https:\/\/www.groupg4.com\/ca\/wp-content\/uploads\/2021\/07\/10-nosaltres-g4-group-barcelona.webp\" data-orig-src=\"https:\/\/www.groupg4.com\/ca\/wp-content\/uploads\/2021\/07\/10-nosaltres-g4-group-barcelona.webp\" width=\"1200\" height=\"800\" alt=\"\" title=\"10-nosaltres-g4-group-barcelona\" aria-label=\"10-nosaltres-g4-group-barcelona\" class=\"lazyload img-responsive wp-image-16648\" srcset=\"data:image\/svg+xml,%3Csvg%20xmlns%3D%27http%3A%2F%2Fwww.w3.org%2F2000%2Fsvg%27%20width%3D%271200%27%20height%3D%27800%27%20viewBox%3D%270%200%201200%20800%27%3E%3Crect%20width%3D%271200%27%20height%3D%27800%27%20fill-opacity%3D%220%22%2F%3E%3C%2Fsvg%3E\" data-srcset=\"https:\/\/www.groupg4.com\/ca\/wp-content\/uploads\/2021\/07\/10-nosaltres-g4-group-barcelona-200x133.webp 200w, https:\/\/www.groupg4.com\/ca\/wp-content\/uploads\/2021\/07\/10-nosaltres-g4-group-barcelona-400x267.webp 400w, https:\/\/www.groupg4.com\/ca\/wp-content\/uploads\/2021\/07\/10-nosaltres-g4-group-barcelona-600x400.webp 600w, https:\/\/www.groupg4.com\/ca\/wp-content\/uploads\/2021\/07\/10-nosaltres-g4-group-barcelona-800x533.webp 800w, https:\/\/www.groupg4.com\/ca\/wp-content\/uploads\/2021\/07\/10-nosaltres-g4-group-barcelona.webp 1200w\" data-sizes=\"auto\" data-orig-sizes=\"(min-width: 2200px) 100vw, (min-width: 1307px) 246px, (min-width: 1215px) 308px, (min-width: 1124px) 410px, (min-width: 1032px) 615px, (min-width: 940px) 1032px, \" \/><\/div><\/div><\/div><div style=\"padding:10px;\" class=\"fusion-grid-column fusion-gallery-column fusion-gallery-column-5 hover-type-none fusion-element-portrait\"><div class=\"fusion-gallery-image\"><div style=\"padding-top:calc((100% + 20px) * 1.6);background-position:50% 62%;\" class=\"fusion-masonry-element-container lazyload\" data-bg=\"https:\/\/www.groupg4.com\/ca\/wp-content\/uploads\/2021\/07\/02-nosaltres-g4-group-architecture-barcelona-copia.webp\"><img decoding=\"async\" src=\"https:\/\/www.groupg4.com\/ca\/wp-content\/uploads\/2021\/07\/02-nosaltres-g4-group-architecture-barcelona-copia.webp\" data-orig-src=\"https:\/\/www.groupg4.com\/ca\/wp-content\/uploads\/2021\/07\/02-nosaltres-g4-group-architecture-barcelona-copia.webp\" width=\"400\" height=\"600\" alt=\"\" title=\"02-nosaltres-g4-group-architecture-barcelona copia\" aria-label=\"02-nosaltres-g4-group-architecture-barcelona copia\" class=\"lazyload img-responsive wp-image-16635\" srcset=\"data:image\/svg+xml,%3Csvg%20xmlns%3D%27http%3A%2F%2Fwww.w3.org%2F2000%2Fsvg%27%20width%3D%27400%27%20height%3D%27600%27%20viewBox%3D%270%200%20400%20600%27%3E%3Crect%20width%3D%27400%27%20height%3D%27600%27%20fill-opacity%3D%220%22%2F%3E%3C%2Fsvg%3E\" data-srcset=\"https:\/\/www.groupg4.com\/ca\/wp-content\/uploads\/2021\/07\/02-nosaltres-g4-group-architecture-barcelona-copia-200x300.webp 200w, https:\/\/www.groupg4.com\/ca\/wp-content\/uploads\/2021\/07\/02-nosaltres-g4-group-architecture-barcelona-copia.webp 400w\" data-sizes=\"auto\" data-orig-sizes=\"(min-width: 2200px) 100vw, (min-width: 1307px) 246px, (min-width: 1215px) 308px, (min-width: 1124px) 410px, (min-width: 1032px) 615px, (min-width: 940px) 1032px, \" \/><\/div><\/div><\/div><div style=\"padding:10px;\" class=\"fusion-grid-column fusion-gallery-column fusion-gallery-column-5 hover-type-none fusion-element-grid\"><div class=\"fusion-gallery-image\"><div style=\"padding-top:calc((100% + 20px) * 0.8 - 10px);background-position:51% 79%;\" class=\"fusion-masonry-element-container lazyload\" data-bg=\"https:\/\/www.groupg4.com\/ca\/wp-content\/uploads\/2021\/07\/06-nosaltres-g4-group-barcelona.webp\"><img decoding=\"async\" src=\"https:\/\/www.groupg4.com\/ca\/wp-content\/uploads\/2021\/07\/06-nosaltres-g4-group-barcelona.webp\" data-orig-src=\"https:\/\/www.groupg4.com\/ca\/wp-content\/uploads\/2021\/07\/06-nosaltres-g4-group-barcelona.webp\" width=\"1200\" height=\"800\" alt=\"\" title=\"06-nosaltres-g4-group-barcelona\" aria-label=\"06-nosaltres-g4-group-barcelona\" class=\"lazyload img-responsive wp-image-16645\" srcset=\"data:image\/svg+xml,%3Csvg%20xmlns%3D%27http%3A%2F%2Fwww.w3.org%2F2000%2Fsvg%27%20width%3D%271200%27%20height%3D%27800%27%20viewBox%3D%270%200%201200%20800%27%3E%3Crect%20width%3D%271200%27%20height%3D%27800%27%20fill-opacity%3D%220%22%2F%3E%3C%2Fsvg%3E\" data-srcset=\"https:\/\/www.groupg4.com\/ca\/wp-content\/uploads\/2021\/07\/06-nosaltres-g4-group-barcelona-200x133.webp 200w, https:\/\/www.groupg4.com\/ca\/wp-content\/uploads\/2021\/07\/06-nosaltres-g4-group-barcelona-400x267.webp 400w, https:\/\/www.groupg4.com\/ca\/wp-content\/uploads\/2021\/07\/06-nosaltres-g4-group-barcelona-600x400.webp 600w, https:\/\/www.groupg4.com\/ca\/wp-content\/uploads\/2021\/07\/06-nosaltres-g4-group-barcelona-800x533.webp 800w, https:\/\/www.groupg4.com\/ca\/wp-content\/uploads\/2021\/07\/06-nosaltres-g4-group-barcelona.webp 1200w\" data-sizes=\"auto\" data-orig-sizes=\"(min-width: 2200px) 100vw, (min-width: 1307px) 246px, (min-width: 1215px) 308px, (min-width: 1124px) 410px, (min-width: 1032px) 615px, (min-width: 940px) 1032px, \" \/><\/div><\/div><\/div><div style=\"padding:10px;\" class=\"fusion-grid-column fusion-gallery-column fusion-gallery-column-5 hover-type-none fusion-element-grid\"><div class=\"fusion-gallery-image\"><div style=\"padding-top:calc((100% + 20px) * 0.8 - 10px);background-position:50% 64%;\" class=\"fusion-masonry-element-container lazyload\" data-bg=\"https:\/\/www.groupg4.com\/ca\/wp-content\/uploads\/2021\/07\/03-nosaltres-g4-group-barcelona.webp\"><img decoding=\"async\" src=\"https:\/\/www.groupg4.com\/ca\/wp-content\/uploads\/2021\/07\/03-nosaltres-g4-group-barcelona.webp\" data-orig-src=\"https:\/\/www.groupg4.com\/ca\/wp-content\/uploads\/2021\/07\/03-nosaltres-g4-group-barcelona.webp\" width=\"1200\" height=\"800\" alt=\"\" title=\"03-nosaltres-g4-group-barcelona\" aria-label=\"03-nosaltres-g4-group-barcelona\" class=\"lazyload img-responsive wp-image-16642\" srcset=\"data:image\/svg+xml,%3Csvg%20xmlns%3D%27http%3A%2F%2Fwww.w3.org%2F2000%2Fsvg%27%20width%3D%271200%27%20height%3D%27800%27%20viewBox%3D%270%200%201200%20800%27%3E%3Crect%20width%3D%271200%27%20height%3D%27800%27%20fill-opacity%3D%220%22%2F%3E%3C%2Fsvg%3E\" data-srcset=\"https:\/\/www.groupg4.com\/ca\/wp-content\/uploads\/2021\/07\/03-nosaltres-g4-group-barcelona-200x133.webp 200w, https:\/\/www.groupg4.com\/ca\/wp-content\/uploads\/2021\/07\/03-nosaltres-g4-group-barcelona-400x267.webp 400w, https:\/\/www.groupg4.com\/ca\/wp-content\/uploads\/2021\/07\/03-nosaltres-g4-group-barcelona-600x400.webp 600w, https:\/\/www.groupg4.com\/ca\/wp-content\/uploads\/2021\/07\/03-nosaltres-g4-group-barcelona-800x533.webp 800w, https:\/\/www.groupg4.com\/ca\/wp-content\/uploads\/2021\/07\/03-nosaltres-g4-group-barcelona.webp 1200w\" data-sizes=\"auto\" data-orig-sizes=\"(min-width: 2200px) 100vw, (min-width: 1307px) 246px, (min-width: 1215px) 308px, (min-width: 1124px) 410px, (min-width: 1032px) 615px, (min-width: 940px) 1032px, \" \/><\/div><\/div><\/div><div style=\"padding:10px;\" class=\"fusion-grid-column fusion-gallery-column fusion-gallery-column-5 hover-type-none fusion-element-landscape\"><div class=\"fusion-gallery-image\"><div style=\"padding-top:calc((100% + 20px) * 0.4 - 10px);background-position:50% 82%;\" class=\"fusion-masonry-element-container lazyload\" data-bg=\"https:\/\/www.groupg4.com\/ca\/wp-content\/uploads\/2024\/05\/03-treballa-amb-nosaltres-g4-group-arquitectes-enginyers-barcelona.webp\"><img decoding=\"async\" src=\"https:\/\/www.groupg4.com\/ca\/wp-content\/uploads\/2024\/05\/03-treballa-amb-nosaltres-g4-group-arquitectes-enginyers-barcelona.webp\" data-orig-src=\"https:\/\/www.groupg4.com\/ca\/wp-content\/uploads\/2024\/05\/03-treballa-amb-nosaltres-g4-group-arquitectes-enginyers-barcelona.webp\" width=\"800\" height=\"450\" alt=\"\" title=\"03-treballa-amb-nosaltres-g4-group-arquitectes-enginyers-barcelona\" aria-label=\"03-treballa-amb-nosaltres-g4-group-arquitectes-enginyers-barcelona\" class=\"lazyload img-responsive wp-image-18360\" srcset=\"data:image\/svg+xml,%3Csvg%20xmlns%3D%27http%3A%2F%2Fwww.w3.org%2F2000%2Fsvg%27%20width%3D%27800%27%20height%3D%27450%27%20viewBox%3D%270%200%20800%20450%27%3E%3Crect%20width%3D%27800%27%20height%3D%27450%27%20fill-opacity%3D%220%22%2F%3E%3C%2Fsvg%3E\" data-srcset=\"https:\/\/www.groupg4.com\/ca\/wp-content\/uploads\/2024\/05\/03-treballa-amb-nosaltres-g4-group-arquitectes-enginyers-barcelona-200x113.webp 200w, https:\/\/www.groupg4.com\/ca\/wp-content\/uploads\/2024\/05\/03-treballa-amb-nosaltres-g4-group-arquitectes-enginyers-barcelona-400x225.webp 400w, https:\/\/www.groupg4.com\/ca\/wp-content\/uploads\/2024\/05\/03-treballa-amb-nosaltres-g4-group-arquitectes-enginyers-barcelona-600x338.webp 600w, https:\/\/www.groupg4.com\/ca\/wp-content\/uploads\/2024\/05\/03-treballa-amb-nosaltres-g4-group-arquitectes-enginyers-barcelona.webp 800w\" data-sizes=\"auto\" data-orig-sizes=\"(min-width: 2200px) 100vw, (min-width: 1032px) 630px, (min-width: 940px) 1032px, \" \/><\/div><\/div><\/div><\/div><\/div><\/div><\/div><div class=\"fusion-layout-column fusion_builder_column fusion-builder-column-1 fusion_builder_column_1_5 1_5 fusion-flex-column fusion-no-small-visibility\" style=\"--awb-bg-size:cover;--awb-width-large:20%;--awb-margin-top-large:0px;--awb-spacing-right-large:0px;--awb-margin-bottom-large:20px;--awb-spacing-left-large:0px;--awb-width-medium:100%;--awb-order-medium:0;--awb-spacing-right-medium:0px;--awb-spacing-left-medium:0px;--awb-width-small:100%;--awb-order-small:0;--awb-spacing-right-small:0px;--awb-spacing-left-small:0px;\"><div class=\"fusion-column-wrapper fusion-column-has-shadow fusion-flex-justify-content-flex-start fusion-content-layout-column\"><\/div><\/div><div class=\"fusion-layout-column fusion_builder_column fusion-builder-column-2 fusion_builder_column_1_5 1_5 fusion-flex-column\" style=\"--awb-bg-size:cover;--awb-width-large:20%;--awb-margin-top-large:0px;--awb-spacing-right-large:0px;--awb-margin-bottom-large:20px;--awb-spacing-left-large:0px;--awb-width-medium:100%;--awb-order-medium:0;--awb-spacing-right-medium:0px;--awb-spacing-left-medium:0px;--awb-width-small:100%;--awb-order-small:0;--awb-spacing-right-small:0px;--awb-spacing-left-small:0px;\"><div class=\"fusion-column-wrapper fusion-column-has-shadow fusion-flex-justify-content-flex-start fusion-content-layout-column\"><div class=\"fusion-text fusion-text-1\" style=\"--awb-content-alignment:right;--awb-font-size:15px;--awb-line-height:1.4;--awb-text-color:#e31c18;--awb-text-font-family:&quot;Open Sans&quot;;--awb-text-font-style:normal;--awb-text-font-weight:400;\"><p>Tamb\u00e9 comptem amb seus a les m\u00e9s carism\u00e0tiques zones de Tor\u00ed, Par\u00eds, Dubai i Madrid, des d&#8217;on treballem per tot el m\u00f3n<\/p>\n<\/div><\/div><\/div><div class=\"fusion-layout-column fusion_builder_column fusion-builder-column-3 fusion_builder_column_3_5 3_5 fusion-flex-column\" style=\"--awb-bg-size:cover;--awb-width-large:60%;--awb-margin-top-large:0px;--awb-spacing-right-large:0px;--awb-margin-bottom-large:20px;--awb-spacing-left-large:0px;--awb-width-medium:100%;--awb-order-medium:0;--awb-spacing-right-medium:0px;--awb-spacing-left-medium:0px;--awb-width-small:100%;--awb-order-small:0;--awb-spacing-right-small:0px;--awb-spacing-left-small:0px;\"><div class=\"fusion-column-wrapper fusion-column-has-shadow fusion-flex-justify-content-flex-start fusion-content-layout-column\"><div class=\"fusion-text fusion-text-2\" style=\"--awb-content-alignment:left;\"><p><strong>G4: GROUP<\/strong> el formen m\u00e9s de 190 arquitectes, interioristes, enginyers, dissenyadors i desenvolupadors 3D, entre d&#8217;altres professions amb 28 nacionalitats diferents, que enriqueixen, amb les seves caracter\u00edstiques culturals i diferents eines t\u00e8cniques, a l&#8217;estudi i als seus projectes nacionals i internacionals.<\/p>\n<p>Ens agrada el que fem, com ho fem i on ho fem.<\/p>\n<p>El carrer de la Provid\u00e8ncia ha estat l\u2019\u00faltima parada del nostre <strong>estudi a Barcelona<\/strong>. Hem anat creixent, i hem passat per diversos llocs, per\u00f2 sempre hem estat al pintoresc barri de Gr\u00e0cia. Un barri ple de vida, amb una \u00e0mplia oferta de comer\u00e7os de proximitat, oci, art i cultura. I a pocs minuts del centre de la ciutat i del passeig de Gr\u00e0cia.<\/p>\n<p>L&#8217;edifici on som ara ens ha perm\u00e8s guanyar espai i tamb\u00e9 qualitat, gr\u00e0cies a unes instal\u00b7lacions que ens permeten desenvolupar la nostra tasca i refor\u00e7ar la col\u00b7laboraci\u00f3 entre departaments d\u2019una manera fluida i inspiradora. Comptem amb diferents espais oberts i sales de reunions en qu\u00e8 podem agrupar equips i clients, aix\u00ed com impartir webinars, masterclasses i programes de formaci\u00f3.<\/p>\n<\/div><div class=\"fusion-title title fusion-title-1 fusion-title-text fusion-title-size-four\" style=\"--awb-margin-bottom:7px;--awb-margin-top-small:20px;--awb-margin-right-small:0px;--awb-margin-bottom-small:15px;--awb-margin-left-small:0px;\"><div class=\"title-sep-container title-sep-container-left fusion-no-large-visibility fusion-no-medium-visibility fusion-no-small-visibility\"><div class=\"title-sep sep- sep-solid\" style=\"border-color:#e0dede;\"><\/div><\/div><span class=\"awb-title-spacer fusion-no-large-visibility fusion-no-medium-visibility fusion-no-small-visibility\"><\/span><h4 class=\"fusion-title-heading title-heading-left fusion-responsive-typography-calculated\" style=\"font-family:&quot;Roboto Condensed&quot;;font-style:normal;font-weight:400;margin:0;--fontSize:15;--minFontSize:15;line-height:1.23;\">EMPRESES COL\u00b7LABORADORES I QUI LES DIRIGEIX<\/h4><span class=\"awb-title-spacer\"><\/span><div class=\"title-sep-container title-sep-container-right\"><div class=\"title-sep sep- sep-solid\" style=\"border-color:#e0dede;\"><\/div><\/div><\/div><div class=\"fusion-text fusion-text-3\"><p><strong>G4 GROUP<\/strong> Ernest Boronat, Ferran Tortosa<br \/>\n<strong>MORE MC<\/strong> Oscar Moreno<br \/>\n<strong>CN INGENIERIA<\/strong> Cesar Navas, Ernest Boronat, Ferran Tortosa<br \/>\n<strong>G4 ITALY<\/strong> Ernest Boronat, Fabio Caporali, Ferran Tortosa<br \/>\n<strong>DESIGN FOUR DUBAI<\/strong> E. Boronat, F. Tortosa<br \/>\n<strong>G4 VISUAL<\/strong> Ferran Tortosa, Ernest Boronat, Alphan Kutval<br \/>\n<strong>NEEW ARCHITECTS<\/strong> Carlos de R\u00edo, Ferran Tortosa, Ernest Boronat<\/p>\n<\/div><\/div><\/div><\/div><\/div>\n","protected":false},"excerpt":{"rendered":"","protected":false},"author":1,"featured_media":0,"parent":0,"menu_order":0,"comment_status":"closed","ping_status":"closed","template":"100-width.php","meta":{"footnotes":""},"class_list":["post-13287","page","type-page","status-publish","hentry"],"_links":{"self":[{"href":"https:\/\/www.groupg4.com\/ca\/wp-json\/wp\/v2\/pages\/13287","targetHints":{"allow":["GET"]}}],"collection":[{"href":"https:\/\/www.groupg4.com\/ca\/wp-json\/wp\/v2\/pages"}],"about":[{"href":"https:\/\/www.groupg4.com\/ca\/wp-json\/wp\/v2\/types\/page"}],"author":[{"embeddable":true,"href":"https:\/\/www.groupg4.com\/ca\/wp-json\/wp\/v2\/users\/1"}],"replies":[{"embeddable":true,"href":"https:\/\/www.groupg4.com\/ca\/wp-json\/wp\/v2\/comments?post=13287"}],"version-history":[{"count":0,"href":"https:\/\/www.groupg4.com\/ca\/wp-json\/wp\/v2\/pages\/13287\/revisions"}],"wp:attachment":[{"href":"https:\/\/www.groupg4.com\/ca\/wp-json\/wp\/v2\/media?parent=13287"}],"curies":[{"name":"wp","href":"https:\/\/api.w.org\/{rel}","templated":true}]}}